{"id":644,"date":"2023-08-01T17:50:48","date_gmt":"2023-08-01T17:50:48","guid":{"rendered":"https:\/\/listaaferpisu.pl\/?page_id=644"},"modified":"2023-08-01T18:17:34","modified_gmt":"2023-08-01T18:17:34","slug":"lista-osiagniec-rzadu-pis","status":"publish","type":"page","link":"https:\/\/listaaferpisu.pl\/index.php\/lista-osiagniec-rzadu-pis\/","title":{"rendered":"Lista osi\u0105gnie\u0107 rz\u0105du PiS"},"content":{"rendered":"\t\t<div data-elementor-type=\"wp-page\" data-elementor-id=\"644\" class=\"elementor elementor-644\">\n\t\t\t\t\t\t\t\t\t<section class=\"elementor-section elementor-top-section elementor-element elementor-element-12a28ad7 elementor-section-boxed elementor-section-height-default elementor-section-height-default\" data-id=\"12a28ad7\" data-element_type=\"section\">\n\t\t\t\t\t\t<div class=\"elementor-container elementor-column-gap-default\">\n\t\t\t\t\t<div class=\"elementor-column elementor-col-100 elementor-top-column elementor-element elementor-element-1cc6238d\" data-id=\"1cc6238d\" data-element_type=\"column\">\n\t\t\t<div class=\"elementor-widget-wrap elementor-element-populated\">\n\t\t\t\t\t\t\t\t<div data-general_settings=\"{&quot;direction&quot;:&quot;alternate&quot;,&quot;loop&quot;:true,&quot;easing&quot;:&quot;easeInOutSine&quot;,&quot;target&quot;:&quot;&quot;}\" class=\"elementor-element elementor-element-25e1ef6e premium-floating-effects-yes uael-nav-menu__align-left uael-submenu-open-hover uael-submenu-icon-arrow uael-submenu-animation-none uael-link-redirect-child uael-nav-menu__breakpoint-tablet elementor-widget elementor-widget-uael-nav-menu\" data-id=\"25e1ef6e\" data-element_type=\"widget\" data-widget_type=\"uael-nav-menu.default\">\n\t\t\t\t<div class=\"elementor-widget-container\">\n\t\t\t\t\t<div class=\"uael-nav-menu uael-layout-horizontal uael-nav-menu-layout uael-pointer__none\" data-layout=\"horizontal\">\r\n\t\t\t\t<div role=\"button\" class=\"uael-nav-menu__toggle elementor-clickable\">\r\n\t\t\t\t\t<span class=\"screen-reader-text\">Main Menu<\/span>\r\n\t\t\t\t\t<div class=\"uael-nav-menu-icon\">\r\n\t\t\t\t\t\t<i aria-hidden=\"true\" tabindex=\"0\" class=\"fas fa-align-justify\"><\/i>\t\t\t\t\t<\/div>\r\n\t\t\t\t\t\t\t\t\t<\/div>\r\n\t\t\t\t\t\t\t<nav class=\"uael-nav-menu__layout-horizontal uael-nav-menu__submenu-arrow\" data-toggle-icon=\"&lt;i aria-hidden=&quot;true&quot; tabindex=&quot;0&quot; class=&quot;fas fa-align-justify&quot;&gt;&lt;\/i&gt;\" data-close-icon=\"&lt;i aria-hidden=&quot;true&quot; tabindex=&quot;0&quot; class=&quot;far fa-window-close&quot;&gt;&lt;\/i&gt;\" data-full-width=\"yes\"><ul id=\"menu-1-25e1ef6e\" class=\"uael-nav-menu\"><li id=\"menu-item-654\" class=\"menu-item menu-item-type-post_type menu-item-object-page menu-item-home parent uael-creative-menu\"><a href=\"https:\/\/listaaferpisu.pl\/\" class = \"uael-menu-item\">Lista afer<\/a><\/li>\n<li id=\"menu-item-515\" class=\"menu-item menu-item-type-post_type menu-item-object-page parent uael-creative-menu\"><a href=\"https:\/\/listaaferpisu.pl\/index.php\/milionerzy-pisu\/\" class = \"uael-menu-item\">Milionerzy PiSu<\/a><\/li>\n<li id=\"menu-item-600\" class=\"menu-item menu-item-type-post_type menu-item-object-page parent uael-creative-menu\"><a href=\"https:\/\/listaaferpisu.pl\/index.php\/oplaty-i-podatki-rzadu-pis\/\" class = \"uael-menu-item\">Nowe podatki<\/a><\/li>\n<li id=\"menu-item-655\" class=\"menu-item menu-item-type-post_type menu-item-object-page parent uael-creative-menu\"><a href=\"https:\/\/listaaferpisu.pl\/index.php\/lista-osiagniec-rzadu-pis\/\" class = \"uael-menu-item\">Lista osi\u0105gnie\u0107 PiSu<\/a><\/li>\n<\/ul><\/nav>\r\n\t\t\t\t\t<\/div>\r\n\t\t\t\t\t<\/div>\n\t\t\t\t<\/div>\n\t\t\t\t\t<\/div>\n\t\t<\/div>\n\t\t\t\t\t\t\t<\/div>\n\t\t<\/section>\n\t\t\t\t<section class=\"elementor-section elementor-top-section elementor-element elementor-element-4c93e427 elementor-section-boxed elementor-section-height-default elementor-section-height-default\" data-id=\"4c93e427\" data-element_type=\"section\">\n\t\t\t\t\t\t<div class=\"elementor-container elementor-column-gap-default\">\n\t\t\t\t\t<div class=\"elementor-column elementor-col-100 elementor-top-column elementor-element elementor-element-5d24d794\" data-id=\"5d24d794\" data-element_type=\"column\">\n\t\t\t<div class=\"elementor-widget-wrap elementor-element-populated\">\n\t\t\t\t\t\t\t\t<div class=\"elementor-element elementor-element-7ce5ea86 elementor-widget elementor-widget-image\" data-id=\"7ce5ea86\" data-element_type=\"widget\" data-widget_type=\"image.default\">\n\t\t\t\t<div class=\"elementor-widget-container\">\n\t\t\t<style>\/*! elementor - v3.13.3 - 28-05-2023 *\/\n.elementor-widget-image{text-align:center}.elementor-widget-image a{display:inline-block}.elementor-widget-image a img[src$=\".svg\"]{width:48px}.elementor-widget-image img{vertical-align:middle;display:inline-block}<\/style>\t\t\t\t\t\t\t\t\t\t\t\t\t<a href=\"https:\/\/listaaferpisu.pl\/\">\n\t\t\t\t\t\t\t<img decoding=\"async\" width=\"1500\" height=\"374\" src=\"https:\/\/listaaferpisu.pl\/wp-content\/uploads\/2023\/07\/ListaPiS.svg\" class=\"attachment-medium size-medium wp-image-498\" alt=\"\" loading=\"lazy\" \/>\t\t\t\t\t\t\t\t<\/a>\n\t\t\t\t\t\t\t\t\t\t\t\t\t\t\t<\/div>\n\t\t\t\t<\/div>\n\t\t\t\t\t<\/div>\n\t\t<\/div>\n\t\t\t\t\t\t\t<\/div>\n\t\t<\/section>\n\t\t\t\t<section class=\"elementor-section elementor-top-section elementor-element elementor-element-79ceb541 elementor-section-boxed elementor-section-height-default elementor-section-height-default\" data-id=\"79ceb541\" data-element_type=\"section\">\n\t\t\t\t\t\t<div class=\"elementor-container elementor-column-gap-default\">\n\t\t\t\t\t<div class=\"elementor-column elementor-col-50 elementor-top-column elementor-element elementor-element-3ca091ab\" data-id=\"3ca091ab\" data-element_type=\"column\">\n\t\t\t<div class=\"elementor-widget-wrap elementor-element-populated\">\n\t\t\t\t\t\t\t\t<div class=\"elementor-element elementor-element-14cffb9 elementor-widget elementor-widget-heading\" data-id=\"14cffb9\" data-element_type=\"widget\" data-widget_type=\"heading.default\">\n\t\t\t\t<div class=\"elementor-widget-container\">\n\t\t\t<style>\/*! elementor - v3.13.3 - 28-05-2023 *\/\n.elementor-heading-title{padding:0;margin:0;line-height:1}.elementor-widget-heading .elementor-heading-title[class*=elementor-size-]>a{color:inherit;font-size:inherit;line-height:inherit}.elementor-widget-heading .elementor-heading-title.elementor-size-small{font-size:15px}.elementor-widget-heading .elementor-heading-title.elementor-size-medium{font-size:19px}.elementor-widget-heading .elementor-heading-title.elementor-size-large{font-size:29px}.elementor-widget-heading .elementor-heading-title.elementor-size-xl{font-size:39px}.elementor-widget-heading .elementor-heading-title.elementor-size-xxl{font-size:59px}<\/style><h4 class=\"elementor-heading-title elementor-size-default\">Lista osi\u0105gnie\u0107 rz\u0105du PiS<\/h4>\t\t<\/div>\n\t\t\t\t<\/div>\n\t\t\t\t<div class=\"elementor-element elementor-element-2874f075 elementor-widget elementor-widget-shortcode\" data-id=\"2874f075\" data-element_type=\"widget\" data-widget_type=\"shortcode.default\">\n\t\t\t\t<div class=\"elementor-widget-container\">\n\t\t\t\t\t<div class=\"elementor-shortcode\"><div id=\"sp-ea-204\" class=\"sp-ea-one sp-easy-accordion\" data-ex-icon=\"fa-minus\" data-col-icon=\"fa-plus\"  data-ea-active=\"ea-click\"  data-ea-mode=\"vertical\" data-preloader=\"\"><div class=\"ea-card  sp-ea-single\"><h3 class=\"ea-header\"><a class=\"collapsed\" data-sptoggle=\"spcollapse\" data-sptarget=#collapse2040 href=\"javascript:void(0)\"  aria-expanded=\"false\"><i class=\"ea-expand-icon fa fa-plus\"><\/i> Najdro\u017cszy pr\u0105d w Europie<\/a><\/h3><div class=\"sp-collapse spcollapse spcollapse\" id=\"collapse2040\" data-parent=#sp-ea-204><div class=\"ea-body\"><p><a href=\"https:\/\/businessinsider.com.pl\/gospodarka\/prad-o-polowe-drozszy-niz-w-niemczech-najdrozszy-w-europie-czemu-przeplacamy\/zz8de5l\">https:\/\/businessinsider.com.pl\/gospodarka\/prad-o-polowe-drozszy-niz-w-niemczech-najdrozszy-w-europie-czemu-przeplacamy\/zz8de5l<\/a><\/p>\n<\/div><\/div><\/div><div class=\"ea-card  sp-ea-single\"><h3 class=\"ea-header\"><a class=\"collapsed\" data-sptoggle=\"spcollapse\" data-sptarget=#collapse2041 href=\"javascript:void(0)\"  aria-expanded=\"false\"><i class=\"ea-expand-icon fa fa-plus\"><\/i> Skumulowana inflacja Glapi\u0144skiego 47,6%<\/a><\/h3><div class=\"sp-collapse spcollapse spcollapse\" id=\"collapse2041\" data-parent=#sp-ea-204><div class=\"ea-body\"><p><a href=\"https:\/\/for.org.pl\/pl\/a\/9402,komunikat-for-14\/2023-narodowy-bank-polityczny-na-strazy-partii-a-nie-pieniadza\">https:\/\/for.org.pl\/pl\/a\/9402,komunikat-for-14\/2023-narodowy-bank-polityczny-na-strazy-partii-a-nie-pieniadza<\/a><\/p>\n<\/div><\/div><\/div><div class=\"ea-card  sp-ea-single\"><h3 class=\"ea-header\"><a class=\"collapsed\" data-sptoggle=\"spcollapse\" data-sptarget=#collapse2042 href=\"javascript:void(0)\"  aria-expanded=\"false\"><i class=\"ea-expand-icon fa fa-plus\"><\/i> Drugi najwi\u0119kszy spadek PKB na \u015bwiecie<\/a><\/h3><div class=\"sp-collapse spcollapse spcollapse\" id=\"collapse2042\" data-parent=#sp-ea-204><div class=\"ea-body\"><p><a href=\"https:\/\/businessinsider.com.pl\/gospodarka\/polski-pkb-drugi-najwiekszy-spadek-na-swiecie-polska-gospodarka-na-pozycji-outsidera\/jpn21yh\">https:\/\/businessinsider.com.pl\/gospodarka\/polski-pkb-drugi-najwiekszy-spadek-na-swiecie-polska-gospodarka-na-pozycji-outsidera\/jpn21yh<\/a><\/p>\n<\/div><\/div><\/div><div class=\"ea-card  sp-ea-single\"><h3 class=\"ea-header\"><a class=\"collapsed\" data-sptoggle=\"spcollapse\" data-sptarget=#collapse2043 href=\"javascript:void(0)\"  aria-expanded=\"false\"><i class=\"ea-expand-icon fa fa-plus\"><\/i> Rekordowa inflacja 18,4%<\/a><\/h3><div class=\"sp-collapse spcollapse spcollapse\" id=\"collapse2043\" data-parent=#sp-ea-204><div class=\"ea-body\"><p><a href=\"https:\/\/dorzeczy.pl\/ekonomia\/416473\/nowe-dane-o-inflacji-w-polsce-smutny-rekord.html\">https:\/\/dorzeczy.pl\/ekonomia\/416473\/nowe-dane-o-inflacji-w-polsce-smutny-rekord.html<\/a><\/p>\n<\/div><\/div><\/div><div class=\"ea-card  sp-ea-single\"><h3 class=\"ea-header\"><a class=\"collapsed\" data-sptoggle=\"spcollapse\" data-sptarget=#collapse2044 href=\"javascript:void(0)\"  aria-expanded=\"false\"><i class=\"ea-expand-icon fa fa-plus\"><\/i> Rekordowy d\u0142ug publiczny<\/a><\/h3><div class=\"sp-collapse spcollapse spcollapse\" id=\"collapse2044\" data-parent=#sp-ea-204><div class=\"ea-body\"><p><a href=\"https:\/\/konkret24.tvn24.pl\/polska\/polski-dlug-nic-strasznego-vs-takiego-dlugu-nigdy-nie-bylo-co-trzeba-wiedziec-6179212\">https:\/\/konkret24.tvn24.pl\/polska\/polski-dlug-nic-strasznego-vs-takiego-dlugu-nigdy-nie-bylo-co-trzeba-wiedziec-6179212<\/a><\/p>\n<\/div><\/div><\/div><div class=\"ea-card  sp-ea-single\"><h3 class=\"ea-header\"><a class=\"collapsed\" data-sptoggle=\"spcollapse\" data-sptarget=#collapse2045 href=\"javascript:void(0)\"  aria-expanded=\"false\"><i class=\"ea-expand-icon fa fa-plus\"><\/i> Ogromny d\u0142ug poza bud\u017cetem<\/a><\/h3><div class=\"sp-collapse spcollapse spcollapse\" id=\"collapse2045\" data-parent=#sp-ea-204><div class=\"ea-body\"><p><a href=\"https:\/\/businessinsider.com.pl\/gospodarka\/makroekonomia\/polski-dlug-publiczny-poza-budzetem-rosnie-jak-na-drozdzach\/k3r48z2\">https:\/\/businessinsider.com.pl\/gospodarka\/makroekonomia\/polski-dlug-publiczny-poza-budzetem-rosnie-jak-na-drozdzach\/k3r48z2<\/a><\/p>\n<\/div><\/div><\/div><div class=\"ea-card  sp-ea-single\"><h3 class=\"ea-header\"><a class=\"collapsed\" data-sptoggle=\"spcollapse\" data-sptarget=#collapse2046 href=\"javascript:void(0)\"  aria-expanded=\"false\"><i class=\"ea-expand-icon fa fa-plus\"><\/i> 2 najwi\u0119kszy na \u015bwiecie spadek realnego wynagrodzenia<\/a><\/h3><div class=\"sp-collapse spcollapse spcollapse\" id=\"collapse2046\" data-parent=#sp-ea-204><div class=\"ea-body\"><p><a href=\"https:\/\/forsal.pl\/praca\/wynagrodzenia\/artykuly\/8604094,polska-spadek-plac-realnych-mop-global-wage-report.html\">https:\/\/forsal.pl\/praca\/wynagrodzenia\/artykuly\/8604094,polska-spadek-plac-realnych-mop-global-wage-report.html<\/a><\/p>\n<\/div><\/div><\/div><div class=\"ea-card  sp-ea-single\"><h3 class=\"ea-header\"><a class=\"collapsed\" data-sptoggle=\"spcollapse\" data-sptarget=#collapse2047 href=\"javascript:void(0)\"  aria-expanded=\"false\"><i class=\"ea-expand-icon fa fa-plus\"><\/i> Milion euro dziennie kary za brak praworz\u0105dno\u015bci<\/a><\/h3><div class=\"sp-collapse spcollapse spcollapse\" id=\"collapse2047\" data-parent=#sp-ea-204><div class=\"ea-body\"><p><a href=\"https:\/\/businessinsider.com.pl\/gospodarka\/rok-temu-tsue-nalozyl-na-polske-milion-euro-dziennie-kary-licznik-wciaz-bije\/1n78x4j\">https:\/\/businessinsider.com.pl\/gospodarka\/rok-temu-tsue-nalozyl-na-polske-milion-euro-dziennie-kary-licznik-wciaz-bije\/1n78x4j<\/a><\/p>\n<\/div><\/div><\/div><div class=\"ea-card  sp-ea-single\"><h3 class=\"ea-header\"><a class=\"collapsed\" data-sptoggle=\"spcollapse\" data-sptarget=#collapse2048 href=\"javascript:void(0)\"  aria-expanded=\"false\"><i class=\"ea-expand-icon fa fa-plus\"><\/i> Najgorszy bilans handlowy od lat<\/a><\/h3><div class=\"sp-collapse spcollapse spcollapse\" id=\"collapse2048\" data-parent=#sp-ea-204><div class=\"ea-body\"><blockquote class=\"wp-embedded-content\" data-secret=\"YF42likki3\"><p><a href=\"https:\/\/wysokienapiecie.pl\/80770-100-mld-zl-na-import-paliw-samochodowych\/\">Wydali\u015bmy 100 mld z\u0142 na import ropy i paliw samochodowych w 2022<\/a><\/p><\/blockquote>\n<p><iframe class=\"wp-embedded-content\" sandbox=\"allow-scripts\" security=\"restricted\" style=\"position: absolute; clip: rect(1px, 1px, 1px, 1px);\" title=\"&#8222;Wydali\u015bmy 100 mld z\u0142 na import ropy i paliw samochodowych w 2022&#8221; &#8212; WysokieNapiecie.pl\" src=\"https:\/\/wysokienapiecie.pl\/80770-100-mld-zl-na-import-paliw-samochodowych\/embed\/#?secret=MolB1Av8L3#?secret=YF42likki3\" data-secret=\"YF42likki3\" width=\"600\" height=\"338\" frameborder=\"0\" marginwidth=\"0\" marginheight=\"0\" scrolling=\"no\"><\/iframe><\/p>\n<\/div><\/div><\/div><div class=\"ea-card  sp-ea-single\"><h3 class=\"ea-header\"><a class=\"collapsed\" data-sptoggle=\"spcollapse\" data-sptarget=#collapse2049 href=\"javascript:void(0)\"  aria-expanded=\"false\"><i class=\"ea-expand-icon fa fa-plus\"><\/i> Paliwo o z\u0142ot\u00f3wk\u0119 dro\u017csze ni\u017c w Hiszpanii<\/a><\/h3><div class=\"sp-collapse spcollapse spcollapse\" id=\"collapse2049\" data-parent=#sp-ea-204><div class=\"ea-body\"><blockquote class=\"wp-embedded-content\" data-secret=\"iVna6tRw0t\"><p><a href=\"https:\/\/spidersweb.pl\/autoblog\/znalazlem-miejsce-z-tanim-paliwem-wystarczylo-wyjechac-z-polski\/\">Znalaz\u0142em miejsce z tanim paliwem. Wystarczy\u0142o wyjecha\u0107 z Polski<\/a><\/p><\/blockquote>\n<p><iframe class=\"wp-embedded-content\" sandbox=\"allow-scripts\" security=\"restricted\" style=\"position: absolute; clip: rect(1px, 1px, 1px, 1px);\" title=\"&#8222;Znalaz\u0142em miejsce z tanim paliwem. Wystarczy\u0142o wyjecha\u0107 z Polski&#8221; &#8212; Autoblog.pl - blog motoryzacyjny - powered by Spider&#039;s Web\" src=\"https:\/\/spidersweb.pl\/autoblog\/znalazlem-miejsce-z-tanim-paliwem-wystarczylo-wyjechac-z-polski\/embed\/#?secret=iVna6tRw0t\" data-secret=\"iVna6tRw0t\" width=\"600\" height=\"338\" frameborder=\"0\" marginwidth=\"0\" marginheight=\"0\" scrolling=\"no\"><\/iframe><\/p>\n<\/div><\/div><\/div><div class=\"ea-card  sp-ea-single\"><h3 class=\"ea-header\"><a class=\"collapsed\" data-sptoggle=\"spcollapse\" data-sptarget=#collapse20410 href=\"javascript:void(0)\"  aria-expanded=\"false\"><i class=\"ea-expand-icon fa fa-plus\"><\/i> Rekordowy spadek inwestycji do 16,6% PKB<\/a><\/h3><div class=\"sp-collapse spcollapse spcollapse\" id=\"collapse20410\" data-parent=#sp-ea-204><div class=\"ea-body\"><blockquote class=\"wp-embedded-content\" data-secret=\"nlXz7UnaRa\"><p><a href=\"https:\/\/ciekaweliczby.pl\/inwestycje_2021\/\">Jak zmienia\u0142 si\u0119 poziom inwestycji w Polsce?<\/a><\/p><\/blockquote>\n<p><iframe class=\"wp-embedded-content\" sandbox=\"allow-scripts\" security=\"restricted\" style=\"position: absolute; clip: rect(1px, 1px, 1px, 1px);\" title=\"&#8222;Jak zmienia\u0142 si\u0119 poziom inwestycji w Polsce?&#8221; &#8212; ciekaweliczby.pl\" src=\"https:\/\/ciekaweliczby.pl\/inwestycje_2021\/embed\/#?secret=j2LiQcgOke#?secret=nlXz7UnaRa\" data-secret=\"nlXz7UnaRa\" width=\"600\" height=\"338\" frameborder=\"0\" marginwidth=\"0\" marginheight=\"0\" scrolling=\"no\"><\/iframe><\/p>\n<\/div><\/div><\/div><div class=\"ea-card  sp-ea-single\"><h3 class=\"ea-header\"><a class=\"collapsed\" data-sptoggle=\"spcollapse\" data-sptarget=#collapse20411 href=\"javascript:void(0)\"  aria-expanded=\"false\"><i class=\"ea-expand-icon fa fa-plus\"><\/i> Rekordowy spadek urodze\u0144<\/a><\/h3><div class=\"sp-collapse spcollapse spcollapse\" id=\"collapse20411\" data-parent=#sp-ea-204><div class=\"ea-body\"><p><a href=\"https:\/\/www.bankier.pl\/wiadomosc\/Liczba-urodzen-rekordowo-niska-8304953.html\">https:\/\/www.bankier.pl\/wiadomosc\/Liczba-urodzen-rekordowo-niska-8304953.html<\/a><\/p>\n<\/div><\/div><\/div><div class=\"ea-card  sp-ea-single\"><h3 class=\"ea-header\"><a class=\"collapsed\" data-sptoggle=\"spcollapse\" data-sptarget=#collapse20412 href=\"javascript:void(0)\"  aria-expanded=\"false\"><i class=\"ea-expand-icon fa fa-plus\"><\/i> Rekordowa ilo\u015b\u0107 zgon\u00f3w<\/a><\/h3><div class=\"sp-collapse spcollapse spcollapse\" id=\"collapse20412\" data-parent=#sp-ea-204><div class=\"ea-body\"><p><a href=\"https:\/\/www.rynekzdrowia.pl\/Polityka-zdrowotna\/Tragiczne-dane-GUS-W-rok-ponad-pol-miliona-zgonow-w-Polsce-To-rekord,229136,14.html\">https:\/\/www.rynekzdrowia.pl\/Polityka-zdrowotna\/Tragiczne-dane-GUS-W-rok-ponad-pol-miliona-zgonow-w-Polsce-To-rekord,229136,14.html<\/a><\/p>\n<\/div><\/div><\/div><div class=\"ea-card  sp-ea-single\"><h3 class=\"ea-header\"><a class=\"collapsed\" data-sptoggle=\"spcollapse\" data-sptarget=#collapse20413 href=\"javascript:void(0)\"  aria-expanded=\"false\"><i class=\"ea-expand-icon fa fa-plus\"><\/i> Sztuczne podbicie inflacji przez Orlen<\/a><\/h3><div class=\"sp-collapse spcollapse spcollapse\" id=\"collapse20413\" data-parent=#sp-ea-204><div class=\"ea-body\"><p><a href=\"https:\/\/innpoland.pl\/189187,orlen-podbil-polska-inflacje-bez-zawyzania-cen-paliwa-bylaby-nizsza?SGNT=\">https:\/\/innpoland.pl\/189187,orlen-podbil-polska-inflacje-bez-zawyzania-cen-paliwa-bylaby-nizsza?SGNT=<\/a><\/p>\n<\/div><\/div><\/div><\/div>\n<\/div>\n\t\t\t\t<\/div>\n\t\t\t\t<\/div>\n\t\t\t\t\t<\/div>\n\t\t<\/div>\n\t\t\t\t<div class=\"elementor-column elementor-col-50 elementor-top-column elementor-element elementor-element-3339e21e\" data-id=\"3339e21e\" data-element_type=\"column\">\n\t\t\t<div class=\"elementor-widget-wrap elementor-element-populated\">\n\t\t\t\t\t\t\t\t<div class=\"elementor-element elementor-element-6824cec4 elementor-hidden-mobile elementor-hidden-desktop elementor-hidden-tablet elementor-widget elementor-widget-html\" data-id=\"6824cec4\" data-element_type=\"widget\" data-widget_type=\"html.default\">\n\t\t\t\t<div class=\"elementor-widget-container\">\n\t\t\t<div style=\"position: relative; width: 300px; height: 400px; overflow: hidden;\"><iframe style=\"position: absolute; top:0; left: 0; bottom: 0; right: 0; width: 100%; height: 100%;\" src=\"https:\/\/zrzutka.pl\/6wyf68\/widget\/13\" frameborder=\"0\" scrolling=\"no\"><\/iframe><\/div>\t\t<\/div>\n\t\t\t\t<\/div>\n\t\t\t\t\t<\/div>\n\t\t<\/div>\n\t\t\t\t\t\t\t<\/div>\n\t\t<\/section>\n\t\t\t\t\t\t\t<\/div>\n\t\t","protected":false},"excerpt":{"rendered":"<p>Main Menu Lista afer Milionerzy PiSu Nowe podatki Lista osi\u0105gnie\u0107 PiSu Lista osi\u0105gnie\u0107 rz\u0105du PiS<\/p>\n","protected":false},"author":1,"featured_media":0,"parent":0,"menu_order":0,"comment_status":"closed","ping_status":"closed","template":"elementor_canvas","meta":[],"_links":{"self":[{"href":"https:\/\/listaaferpisu.pl\/index.php\/wp-json\/wp\/v2\/pages\/644"}],"collection":[{"href":"https:\/\/listaaferpisu.pl\/index.php\/wp-json\/wp\/v2\/pages"}],"about":[{"href":"https:\/\/listaaferpisu.pl\/index.php\/wp-json\/wp\/v2\/types\/page"}],"author":[{"embeddable":true,"href":"https:\/\/listaaferpisu.pl\/index.php\/wp-json\/wp\/v2\/users\/1"}],"replies":[{"embeddable":true,"href":"https:\/\/listaaferpisu.pl\/index.php\/wp-json\/wp\/v2\/comments?post=644"}],"version-history":[{"count":13,"href":"https:\/\/listaaferpisu.pl\/index.php\/wp-json\/wp\/v2\/pages\/644\/revisions"}],"predecessor-version":[{"id":676,"href":"https:\/\/listaaferpisu.pl\/index.php\/wp-json\/wp\/v2\/pages\/644\/revisions\/676"}],"wp:attachment":[{"href":"https:\/\/listaaferpisu.pl\/index.php\/wp-json\/wp\/v2\/media?parent=644"}],"curies":[{"name":"wp","href":"https:\/\/api.w.org\/{rel}","templated":true}]}}